{"id":11,"date":"2015-01-28T08:33:36","date_gmt":"2015-01-28T07:33:36","guid":{"rendered":"http:\/\/alm.a-virtual-memorial.org\/?page_id=11"},"modified":"2018-03-20T07:49:41","modified_gmt":"2018-03-20T06:49:41","slug":"credits","status":"publish","type":"page","link":"https:\/\/alm.nmartproject.net\/?page_id=11","title":{"rendered":"Credits"},"content":{"rendered":"<p><a href=\"http:\/\/alm.a-virtual-memorial.org\/wp-content\/uploads\/2015\/01\/Bild1abc.png\"><img decoding=\"async\" loading=\"lazy\" src=\"http:\/\/alm.a-virtual-memorial.org\/wp-content\/uploads\/2015\/01\/Bild1abc-300x50.png\" alt=\"Bild1abc\" width=\"300\" height=\"50\" class=\"alignnone size-medium wp-image-69\" srcset=\"https:\/\/alm.nmartproject.net\/wp-content\/uploads\/2015\/01\/Bild1abc-300x50.png 300w, https:\/\/alm.nmartproject.net\/wp-content\/uploads\/2015\/01\/Bild1abc.png 768w\" sizes=\"(max-width: 300px) 100vw, 300px\" \/><\/a><\/p>\n<p><a href=\"http:\/\/alm.a-virtual-memorial.org\/wp-content\/uploads\/2015\/01\/a.vm_.p.s._12_08.png\"><img decoding=\"async\" loading=\"lazy\" src=\"http:\/\/alm.a-virtual-memorial.org\/wp-content\/uploads\/2015\/01\/a.vm_.p.s._12_08.png\" alt=\"a.vm.p.s._12_08\" width=\"148\" height=\"148\" class=\"alignleft size-full wp-image-133\" \/><\/a><strong>A Living Memorial 1995-1998<\/strong><br \/>\n1000 Years, 50 Years and Still so Terribly Young<\/p>\n<p>is a media art project created, operated and organised by Wilfried Agricola de Cologne between 1993 and 1998.<\/p>\n<p><strong>Concept, realisation, coordination &#038; reconstruction<\/strong><br \/>\ncopryright \u00a9 1993-2016 by Wilfried Agricola de Cologne aka W.O.F. Agricola<\/p>\n<p>All texts, images, logos and any media component<br \/>\ncopyright 1995-2016 \u00a9 by Wilfried Agricola de Cologne aka WOF Agricola<\/p>\n<p>The printed catalogue was realised in collaboration between Majdanek State Museum Lublin, Muzeum Okregowe Bialystok, Muzeum Okregowe Siedlce, State Museum Stutthof, Museum Okregowe Sandomierz, Auschwitz State Museum, Historical Museum of City of  Krakow, City Art Gallery Czestochowa, Katowice Silesian Museum<\/p>\n<p><a href=\"http:\/\/alm.a-virtual-memorial.org\/wp-content\/uploads\/2015\/01\/Bild1abc.png\"><img decoding=\"async\" loading=\"lazy\" src=\"http:\/\/alm.a-virtual-memorial.org\/wp-content\/uploads\/2015\/01\/Bild1abc-300x50.png\" alt=\"Bild1abc\" width=\"300\" height=\"50\" class=\"alignnone size-medium wp-image-69\" srcset=\"https:\/\/alm.nmartproject.net\/wp-content\/uploads\/2015\/01\/Bild1abc-300x50.png 300w, https:\/\/alm.nmartproject.net\/wp-content\/uploads\/2015\/01\/Bild1abc.png 768w\" sizes=\"(max-width: 300px) 100vw, 300px\" \/><\/a><\/p>\n<p><strong>The project was realised with following collaborating institutions<\/strong><\/p>\n<p>Historisches Archiv der Stadt K\u00f6ln , State Museum Majdanek Lublin, Muzeum Okregowe Bialystok, Muzeum Okregowe Siedlce, Staatl Museum Stutthof, Museum Okregowe Sandomierz , Staatl. Museum Auschwitz, Historisches Museum Krakau, St\u00e4dtische Galerie Czestochowa, Schlesisches Museum Katowice, St\u00e4dt. Galerie Zgorgelec, Landtag Th\u00fcringen Erfurt, Gedenkst\u00e4tte W\u00f6bbelin, Dokumentationszentrum des B\u00fcrgerkomittees Magdeburg, Schalomhaus Sch\u00f6nebeck, VHS Hannover, Schlossmuseum Sondershausen, Synagoge Affaltrach, Synagoge Michelbach\/L\u00fccke, St\u00e4dt. Museum Salzwedel, Auschwitz Foundation Br\u00fcssel, Altes Rathaus Potsdam, Universit\u00e4tsmuseum Halle\/S, HATIKVA Dresden, Stadtarchiv Leipzig, V\u00f6lkerschlachtdenkmal Leipzig, Historisches Museum Leipzig, Alte Nikolai Schule Leipzig, Galerie im H\u00f6rsaalbau Universit\u00e4t Leipzig, Gedenkst\u00e4tte Dachau, Gedenkst\u00e4tte Theresienstadt, Gedenkst\u00e4tte Breitenau, Antoniterkirche K\u00f6ln, Medienbibliothek K\u00f6ln, Gedenkst\u00e4tte Neuengamme Hamburg, Gedenkst\u00e4tte K\u00f6penicker Blutwoche Berlin, Synagoge Wittlich, St\u00e4dt. Galerie Gladbeck, Salvatorkirche Duisburg, Synagoge Urspringen, Landtag Nordrhein-Westfalen<\/p>\n<p><strong><br \/>\nsupported by<\/strong><\/p>\n<p>Cultural Department of the City of Cologne<br \/>\nSocitey for Christian-Jewish Collaboration Cologne<br \/>\nSociety for Christian-Jewish Collaboration Hannover<br \/>\nGerman Embassy Warsaw<br \/>\nMinistery of the Interior Sachen-Anhalt<br \/>\nMinistery of the Interior Mecklenburg-Vorpommern<br \/>\nMinistery of Culture Niedersachsen<br \/>\nCultural Department of the City of Potsdam<br \/>\nCultural Foundation Leipzig<br \/>\nLeipzig Historical Museum<br \/>\nLeipzig University<br \/>\nUniversity of Halle-Wittenberg<br \/>\nState Central for Political Education Sachsen-Anhalt<br \/>\nState Central for Political Education Hessen<br \/>\nState Central for Political Education NRW<br \/>\nCultural Department of the City of Gladbeck<\/p>\n<p><strong>Sponsored by<\/strong><\/p>\n<p>Photo Sander Cologne<br \/>\nKarth\u00e4user &#038; Breuer Gmbh Cologne<br \/>\nKAPA GMBH Osnabrueck<br \/>\nAlternloh, Brinck &#038; Co, Ennepetal<br \/>\nAugust vormann GMBH, Ennepetal<br \/>\nELBA B\u00fcrosysteme Wuppertal<\/p>\n","protected":false},"excerpt":{"rendered":"<p>A Living Memorial 1995-1998 1000 Years, 50 Years and Still so Terribly Young is a media art project created, operated and organised by Wilfried Agricola &hellip;<\/p>\n","protected":false},"author":1,"featured_media":0,"parent":0,"menu_order":0,"comment_status":"closed","ping_status":"closed","template":"","meta":[],"_links":{"self":[{"href":"https:\/\/alm.nmartproject.net\/index.php?rest_route=\/wp\/v2\/pages\/11"}],"collection":[{"href":"https:\/\/alm.nmartproject.net\/index.php?rest_route=\/wp\/v2\/pages"}],"about":[{"href":"https:\/\/alm.nmartproject.net\/index.php?rest_route=\/wp\/v2\/types\/page"}],"author":[{"embeddable":true,"href":"https:\/\/alm.nmartproject.net\/index.php?rest_route=\/wp\/v2\/users\/1"}],"replies":[{"embeddable":true,"href":"https:\/\/alm.nmartproject.net\/index.php?rest_route=%2Fwp%2Fv2%2Fcomments&post=11"}],"version-history":[{"count":13,"href":"https:\/\/alm.nmartproject.net\/index.php?rest_route=\/wp\/v2\/pages\/11\/revisions"}],"predecessor-version":[{"id":200,"href":"https:\/\/alm.nmartproject.net\/index.php?rest_route=\/wp\/v2\/pages\/11\/revisions\/200"}],"wp:attachment":[{"href":"https:\/\/alm.nmartproject.net\/index.php?rest_route=%2Fwp%2Fv2%2Fmedia&parent=11"}],"curies":[{"name":"wp","href":"https:\/\/api.w.org\/{rel}","templated":true}]}}